{"id":330,"date":"2018-06-13T09:02:59","date_gmt":"2018-06-13T07:02:59","guid":{"rendered":"http:\/\/www.rotenbucherhof.it\/?page_id=330"},"modified":"2018-06-13T09:06:41","modified_gmt":"2018-06-13T07:06:41","slug":"direttiva-cookie","status":"publish","type":"page","link":"https:\/\/www.rotenbucherhof.it\/it\/direttiva-cookie\/","title":{"rendered":"Direttiva cookie"},"content":{"rendered":"<p>Implementazione della Direttiva (europea) 2009\/136\/CE relativa al trattamento dei dati personali e alla tutela della vita private<br \/>\nnel settore delle comunicazioni elettroniche, denominata EU Cookie Law (legge europea sui cookie) o direttiva ePrivacy.<\/p>\n<h3>Che cos\u2019\u00e8 un cookie?<\/h3>\n<p>I cookie sono brevi frammenti di testo salvati in un file sul vostro computer da qualsiasi sito internet visitato da voi. Nei cookie vengono salvati informazioni come la lingua preferita dall\u2019utente o altre preferenze individuali. Di seguito i cookie trasmettono queste informazioni al sito internet tramite il browser se l\u2019utente visita di nuovo lo stesso sito. In questo modo \u00e8 possibile che i siti internet possano visualizzare alcune informazione a base delle preferenze individuali dell\u2019utente, memorizzate nei cookie.<\/p>\n<p>Usando le impostazioni predefinite per i cookie, queste funzioni occorrono senza l\u2019accorgersi dell\u2019utente e senza la possibilit\u00e0 di controllare le informazioni che vengono salvate e trasmesse. Per\u00f2 \u00e8 possibile configurare il vostro browser in modo che ogni volta un cookie deve essere modificato, l\u2019utente riceve una notificazione e ha la possibilit\u00e0 di accettare o rifiutare il cookie. In questo modo \u00e8 anche possibile limitare la durata di vita dei cookie to una sola sessione nel browser.<\/p>\n<h3>Quali tipi di cookie ci sono?<\/h3>\n<p>I cookie possono essere classificati secondo la loro durata di vita o il dominio a cui appartengono.<br \/>\nA dipendenza della durata si distingue tra:<\/p>\n<p><strong>cookie di sessione<\/strong> vengono distrutti ogni volta che l\u2019utente chiude il browser<br \/>\n<strong>cookie persistenti<\/strong> rimangono sul computer\/apparecchio fino ad una data di scadenza preimpostata<\/p>\n<p>Secondo il dominio si distingue tra:<\/p>\n<p><strong>cookie del primo operatore<\/strong> vengono creati dal web server sul quale si trova il sito internet visitato dall\u2019utente e appartengono allo stesso dominio<br \/>\n<strong>cookie di terze parti<\/strong> vengono creati sotto un dominio diverso a quello del sito visitato dall\u2019utente. Ci\u00f2 occorre quando il sito web riferisce a dati esterni dal proprio dominio, come per esempio JavaScript.<\/p>\n<h3>Perch\u00e9 usiamo dei cookie?<\/h3>\n<p>Noi usiamo dei cookie propri e anche di terze parti (Google Analytics) per ottenere la miglior esperienza d\u2019uso per i nostri visitatori. Molte funzioni, come il salvamento delle impostazioni di lingua o di regione, sarebbero molto difficili da realizzare senza l\u2019uso di cookie.<\/p>\n<h3>Google Analytics<\/h3>\n<p>Questo sito web utilizza Google Analytics, un servizio di analisi web fornito da Google, Inc. (\u201cGoogle\u201d). Google Analytics utilizza dei \u201ccookies\u201d, che sono file di testo che vengono depositati sul Vostro computer per consentire al sito web di analizzare come gli utenti utilizzano il sito. Le informazioni generate dal cookie sull\u2019utilizzo del sito web da parte Vostra (compreso il Vostro indirizzo IP) verranno trasmesse a, e depositate presso i server di Google negli Stati Uniti. Google utilizzer\u00e0 queste informazioni allo scopo di tracciare e esaminare il Vostro utilizzo del sito web, compilare report sulle attivit\u00e0 del sito web per gli operatori del sito web e fornire altri servizi relativi alle attivit\u00e0 del sito web e all\u2019utilizzo di Internet.<br \/>\nGoogle pu\u00f2 anche trasferire queste informazioni a terzi ove ci\u00f2 sia imposto dalla legge o laddove tali terzi trattino le suddette informazioni per conto di Google. Google non assocer\u00e0 il vostro indirizzo IP a nessun altro dato posseduto da Google. Potete rifiutarvi di usare i cookies selezionando l\u2019impostazione appropriata sul vostro browser, ma ci\u00f2 potrebbe impedirvi di utilizzare tutte le funzionalit\u00e0 di questo sito web. Utilizzando il presente sito web, voi acconsentite al trattamento dei Vostri dati da parte di Google per le modalit\u00e0 e i fini sopraindicati. Per impedire la creazione di cookie e l\u2019elaborazione dei Suoi dati personali da parte di Google, \u00e8 sufficente scaricare il plug-in per il vostro browser al seguente indirizzo: <a href=\"http:\/\/tools.google.com\/dlpage\/gaoptout?hl=it\" target=\"_blank\" rel=\"noopener\">http:\/\/tools.google.com\/dlpage\/gaoptout?hl=it<\/a>.<\/p>\n<h3>Come rifiutare l\u2019uso dei cookie?<\/h3>\n<p>Tutti i browser web popolari offrono all\u2019utente la possibilit\u00e0 di accettare o rifiutare i cookie. \u00c8 anche possibile accettare i cookie solamente da certi siti o servizi internet. Queste impostazioni devono essere fatte nel vostro browser. Comunque c\u2019\u00e8 la possibilit\u00e0 che una disattivazione risulta in problemi di visualizzazione di certi siti internet.<br \/>\nDi sotto ci sono le istruzioni per cambiare le impostazioni per i cookie nei tre browser pi\u00f9 popolari:<\/p>\n<p><strong>Internet Explorer:<\/strong><br \/>\n1. Eseguire Internet Explorer.<br \/>\n2. Cliccare su \u201cStrumenti\u201d e scegliere \u201cOpzioni Internet\u201d.<br \/>\n3. Cliccare sulla scheda \u201cPrivacy\u201d e nella sezioni \u201cImpostazioni\u201d \u00e8 possibile modificare il dispositivo di scorrimento.<\/p>\n<p><strong>Mozilla Firefox:<\/strong><br \/>\n1. Eseguire Mozilla Firefox.<br \/>\n2. Cliccare sull&#8217;icona menu nella barra degli strumenti e selezionare \u201cOpzioni\u201d.<br \/>\n3. Selezionare \u201cPrivacy\u201d.<br \/>\n4. Nella sezione sotto \u201cImpostazioni cronologia\u201d scegliere \u201cutilizza impostazioni personalizzate\u201d per cambiare le impostazioni.<\/p>\n<p><strong>Google Chrome:<\/strong><br \/>\n1. Eseguire Google Chrome.<br \/>\n2. Cliccare sull&#8217;icona menu e selezionare \u201cOpzioni\u201d.<br \/>\n3. Cliccare su \u201cMostra impostazioni Avanzate\u201d.<br \/>\n4. Scegliere la rubrica \u201cPrivacy\u201d e cliccare su \u201cImpostazioni contenuti\u201d per configurare il trattamento dei cookie.<\/p>\n<p><strong>Fonti:<\/strong><br \/>\n<a href=\"https:\/\/support.mozilla.org\/de\/kb\/cookies-informationen-websites-auf-ihrem-computer\" target=\"_blank\" rel=\"noopener\">mozilla.org<\/a>, <a href=\"http:\/\/ec.europa.eu\/ipg\/basics\/legal\/cookies\/index_en.htm\" target=\"_blank\" rel=\"noopener\">ec.europa.eu<\/a><\/p>\n","protected":false},"excerpt":{"rendered":"<p>Implementazione della Direttiva (europea) 2009\/136\/CE relativa al trattamento dei dati personali e alla tutela della vita private nel settore delle comunicazioni elettroniche, denominata EU Cookie Law (legge europea sui cookie) o direttiva ePrivacy. Che cos\u2019\u00e8 un cookie? I cookie sono brevi frammenti di testo salvati in un file sul vostro computer da qualsiasi sito internet [&hellip;]<\/p>\n","protected":false},"author":1,"featured_media":262,"parent":0,"menu_order":25,"comment_status":"closed","ping_status":"closed","template":"","meta":{"footnotes":""},"class_list":["post-330","page","type-page","status-publish","has-post-thumbnail","hentry"],"_links":{"self":[{"href":"https:\/\/www.rotenbucherhof.it\/it\/wp-json\/wp\/v2\/pages\/330","targetHints":{"allow":["GET"]}}],"collection":[{"href":"https:\/\/www.rotenbucherhof.it\/it\/wp-json\/wp\/v2\/pages"}],"about":[{"href":"https:\/\/www.rotenbucherhof.it\/it\/wp-json\/wp\/v2\/types\/page"}],"author":[{"embeddable":true,"href":"https:\/\/www.rotenbucherhof.it\/it\/wp-json\/wp\/v2\/users\/1"}],"replies":[{"embeddable":true,"href":"https:\/\/www.rotenbucherhof.it\/it\/wp-json\/wp\/v2\/comments?post=330"}],"version-history":[{"count":0,"href":"https:\/\/www.rotenbucherhof.it\/it\/wp-json\/wp\/v2\/pages\/330\/revisions"}],"wp:featuredmedia":[{"embeddable":true,"href":"https:\/\/www.rotenbucherhof.it\/it\/wp-json\/wp\/v2\/media\/262"}],"wp:attachment":[{"href":"https:\/\/www.rotenbucherhof.it\/it\/wp-json\/wp\/v2\/media?parent=330"}],"curies":[{"name":"wp","href":"https:\/\/api.w.org\/{rel}","templated":true}]}}